{"id":166,"date":"2023-06-26T12:58:55","date_gmt":"2023-06-26T12:58:55","guid":{"rendered":"https:\/\/gemeinde-train-klartext.de\/?page_id=166"},"modified":"2025-12-09T20:04:50","modified_gmt":"2025-12-09T20:04:50","slug":"netiquette","status":"publish","type":"page","link":"https:\/\/klartext-train.de\/?page_id=166","title":{"rendered":"Netiquette"},"content":{"rendered":"<p>Was ist Netiquette?<\/p>\n<p><strong>Netiquette<\/strong> ist ein Kunstwort aus dem englischen Wort <em>net<\/em> (Netz) und dem franz\u00f6sischen Wort <em>etiquette<\/em> (Etikette, Umgangsformen). Netiquette beschreibt demnach die <strong>Verhaltensregeln<\/strong> f\u00fcr eine <strong>respektvolle und angemessene Kommunikation im Internet<\/strong>.<\/p>\n<p>Netiquette: Allgemeine Verhaltensregeln<\/p>\n<p>Bei der Kommunikation im Internet sollten Sie sich stets ins Ged\u00e4chtnis rufen, dass Sie <strong>mit Menschen kommunizieren<\/strong> und nicht einfach nur mit Computern oder Smartphones.<\/p>\n<p>Im Folgenden finden Sie<strong> allgemeine Verhaltensempfehlungen im Internet<\/strong>, nach denen Sie sich bei der Online-Kommunikation richten sollten.<\/p>\n<p>Halten Sie sich online an die Verhaltensregeln, die Sie im wirklichen Leben befolgen.<\/p>\n<p>Denken Sie online bei der Kommunikation an die Benimmregeln, die Sie auch sonst im Alltag befolgen. Verzichten Sie auf Beleidigungen, Provokationen, Drohungen oder Verunglimpfungen gegen\u00fcber anderen. Respektieren Sie die Meinungen Ihrer Chatpartner und \u00e4u\u00dfern Sie konstruktive Kritik.<\/p>\n<p>Netiquette: Denken Sie an den Menschen.<\/p>\n<p>Stellen Sie sich den Menschen hinter dem Computer vor, wenn Sie Ihre Nachrichten verfassen. Sie kommunizieren nicht mit einer Maschine, sondern mit echten Menschen. Bedenken Sie au\u00dferdem, was und wie Sie schreiben.<\/p>\n<p>Bleiben Sie freundlich und respektvoll, selbst wenn Sie anderer Meinung sind. Eine gute Netiquette zeichnet sich durch <strong>Respekt, H\u00f6flichkeit und Professionalit\u00e4t<\/strong> aus.<\/p>\n","protected":false},"excerpt":{"rendered":"<p>Was ist Netiquette? Netiquette ist ein Kunstwort aus dem englischen Wort net (Netz) und dem franz\u00f6sischen Wort etiquette (Etikette, Umgangsformen). Netiquette beschreibt&#46;&#46;&#46;<\/p>\n","protected":false},"author":1,"featured_media":0,"parent":0,"menu_order":0,"comment_status":"closed","ping_status":"closed","template":"","meta":{"footnotes":""},"class_list":["post-166","page","type-page","status-publish","hentry"],"_links":{"self":[{"href":"https:\/\/klartext-train.de\/index.php?rest_route=\/wp\/v2\/pages\/166","targetHints":{"allow":["GET"]}}],"collection":[{"href":"https:\/\/klartext-train.de\/index.php?rest_route=\/wp\/v2\/pages"}],"about":[{"href":"https:\/\/klartext-train.de\/index.php?rest_route=\/wp\/v2\/types\/page"}],"author":[{"embeddable":true,"href":"https:\/\/klartext-train.de\/index.php?rest_route=\/wp\/v2\/users\/1"}],"replies":[{"embeddable":true,"href":"https:\/\/klartext-train.de\/index.php?rest_route=%2Fwp%2Fv2%2Fcomments&post=166"}],"version-history":[{"count":36,"href":"https:\/\/klartext-train.de\/index.php?rest_route=\/wp\/v2\/pages\/166\/revisions"}],"predecessor-version":[{"id":458,"href":"https:\/\/klartext-train.de\/index.php?rest_route=\/wp\/v2\/pages\/166\/revisions\/458"}],"wp:attachment":[{"href":"https:\/\/klartext-train.de\/index.php?rest_route=%2Fwp%2Fv2%2Fmedia&parent=166"}],"curies":[{"name":"wp","href":"https:\/\/api.w.org\/{rel}","templated":true}]}}